{"id":259,"date":"2023-06-09T18:01:16","date_gmt":"2023-06-09T18:01:16","guid":{"rendered":"https:\/\/acure.com.br\/index.php\/psicologia-clinica-copy\/"},"modified":"2023-06-15T14:16:37","modified_gmt":"2023-06-15T14:16:37","slug":"cursos","status":"publish","type":"page","link":"https:\/\/acure.com.br\/index.php\/cursos\/","title":{"rendered":"Cursos"},"content":{"rendered":"\t\t<div data-elementor-type=\"wp-page\" data-elementor-id=\"259\" class=\"elementor elementor-259\">\n\t\t\t\t\t\t\t\t\t<section class=\"elementor-section elementor-top-section elementor-element elementor-element-427ba550 elementor-section-full_width elementor-section-height-default elementor-section-height-default\" data-id=\"427ba550\" data-element_type=\"section\" data-settings=\"{&quot;background_background&quot;:&quot;classic&quot;}\">\n\t\t\t\t\t\t\t<div class=\"elementor-background-overlay\"><\/div>\n\t\t\t\t\t\t\t<div class=\"elementor-container elementor-column-gap-default\">\n\t\t\t\t\t<div class=\"elementor-column elementor-col-100 elementor-top-column elementor-element elementor-element-1de333e3\" data-id=\"1de333e3\" data-element_type=\"column\">\n\t\t\t<div class=\"elementor-widget-wrap elementor-element-populated\">\n\t\t\t\t\t\t\t\t<div class=\"elementor-element elementor-element-706c7923 elementor-widget elementor-widget-heading\" data-id=\"706c7923\" data-element_type=\"widget\" data-widget_type=\"heading.default\">\n\t\t\t\t<div class=\"elementor-widget-container\">\n\t\t\t<style>\/*! elementor - v3.14.0 - 18-06-2023 *\/\n.elementor-heading-title{padding:0;margin:0;line-height:1}.elementor-widget-heading .elementor-heading-title[class*=elementor-size-]>a{color:inherit;font-size:inherit;line-height:inherit}.elementor-widget-heading .elementor-heading-title.elementor-size-small{font-size:15px}.elementor-widget-heading .elementor-heading-title.elementor-size-medium{font-size:19px}.elementor-widget-heading .elementor-heading-title.elementor-size-large{font-size:29px}.elementor-widget-heading .elementor-heading-title.elementor-size-xl{font-size:39px}.elementor-widget-heading .elementor-heading-title.elementor-size-xxl{font-size:59px}<\/style><h1 class=\"elementor-heading-title elementor-size-default\">Cursos<\/h1>\t\t<\/div>\n\t\t\t\t<\/div>\n\t\t\t\t\t<\/div>\n\t\t<\/div>\n\t\t\t\t\t\t\t<\/div>\n\t\t<\/section>\n\t\t\t\t<section class=\"elementor-section elementor-top-section elementor-element elementor-element-184bd6e7 elementor-section-boxed elementor-section-height-default elementor-section-height-default\" data-id=\"184bd6e7\" data-element_type=\"section\">\n\t\t\t\t\t\t<div class=\"elementor-container elementor-column-gap-default\">\n\t\t\t\t\t<div class=\"elementor-column elementor-col-50 elementor-top-column elementor-element elementor-element-3610a40d\" data-id=\"3610a40d\" data-element_type=\"column\">\n\t\t\t<div class=\"elementor-widget-wrap elementor-element-populated\">\n\t\t\t\t\t\t\t\t<div class=\"elementor-element elementor-element-1233c487 elementor-invisible elementor-widget elementor-widget-heading\" data-id=\"1233c487\" data-element_type=\"widget\" data-settings=\"{&quot;_animation&quot;:&quot;fadeInUp&quot;,&quot;_animation_delay&quot;:500}\" data-widget_type=\"heading.default\">\n\t\t\t\t<div class=\"elementor-widget-container\">\n\t\t\t<h2 class=\"elementor-heading-title elementor-size-default\">PAP \u2013 Planejamento e Aperfei\u00e7oamento da Parentalidade: <\/h2>\t\t<\/div>\n\t\t\t\t<\/div>\n\t\t\t\t<div class=\"elementor-element elementor-element-2aaf4ac1 elementor-invisible elementor-widget elementor-widget-text-editor\" data-id=\"2aaf4ac1\" data-element_type=\"widget\" data-settings=\"{&quot;_animation&quot;:&quot;fadeInUp&quot;,&quot;_animation_delay&quot;:500}\" data-widget_type=\"text-editor.default\">\n\t\t\t\t<div class=\"elementor-widget-container\">\n\t\t\t<style>\/*! elementor - v3.14.0 - 18-06-2023 *\/\n.elementor-widget-text-editor.elementor-drop-cap-view-stacked .elementor-drop-cap{background-color:#69727d;color:#fff}.elementor-widget-text-editor.elementor-drop-cap-view-framed .elementor-drop-cap{color:#69727d;border:3px solid;background-color:transparent}.elementor-widget-text-editor:not(.elementor-drop-cap-view-default) .elementor-drop-cap{margin-top:8px}.elementor-widget-text-editor:not(.elementor-drop-cap-view-default) .elementor-drop-cap-letter{width:1em;height:1em}.elementor-widget-text-editor .elementor-drop-cap{float:left;text-align:center;line-height:1;font-size:50px}.elementor-widget-text-editor .elementor-drop-cap-letter{display:inline-block}<\/style>\t\t\t\t<p>Promover conhecimento e ofertar ferramentas para a viv\u00eancia da fun\u00e7\u00e3o materna e paterna. Curso que auxilia todo pai e m\u00e3e a escreverem uma hist\u00f3ria de amor e promo\u00e7\u00e3o de sa\u00fade junto ao seu filho. Esse curso j\u00e1 foi ministrado para mais de 100 fam\u00edlias em v\u00e1rios cidades do Brasil, sendo que todas tiveram suas hist\u00f3rias mudadas e ampliadas em sua qualidade de vida!<\/p>\t\t\t\t\t\t<\/div>\n\t\t\t\t<\/div>\n\t\t\t\t\t<\/div>\n\t\t<\/div>\n\t\t\t\t<div class=\"elementor-column elementor-col-50 elementor-top-column elementor-element elementor-element-34c872b9\" data-id=\"34c872b9\" data-element_type=\"column\">\n\t\t\t<div class=\"elementor-widget-wrap elementor-element-populated\">\n\t\t\t\t\t\t\t\t<div class=\"elementor-element elementor-element-05b403a elementor-widget elementor-widget-image\" data-id=\"05b403a\" data-element_type=\"widget\" data-widget_type=\"image.default\">\n\t\t\t\t<div class=\"elementor-widget-container\">\n\t\t\t<style>\/*! elementor - v3.14.0 - 18-06-2023 *\/\n.elementor-widget-image{text-align:center}.elementor-widget-image a{display:inline-block}.elementor-widget-image a img[src$=\".svg\"]{width:48px}.elementor-widget-image img{vertical-align:middle;display:inline-block}<\/style>\t\t\t\t\t\t\t\t\t\t\t\t<img loading=\"lazy\" decoding=\"async\" width=\"800\" height=\"600\" src=\"https:\/\/acure.com.br\/wp-content\/uploads\/2023\/06\/WhatsApp-Image-2023-06-12-at-16.59.06.jpeg\" class=\"attachment-large size-large wp-image-388\" alt=\"\" srcset=\"https:\/\/acure.com.br\/wp-content\/uploads\/2023\/06\/WhatsApp-Image-2023-06-12-at-16.59.06.jpeg 960w, https:\/\/acure.com.br\/wp-content\/uploads\/2023\/06\/WhatsApp-Image-2023-06-12-at-16.59.06-300x225.jpeg 300w, https:\/\/acure.com.br\/wp-content\/uploads\/2023\/06\/WhatsApp-Image-2023-06-12-at-16.59.06-768x576.jpeg 768w\" sizes=\"auto, (max-width: 800px) 100vw, 800px\" \/>\t\t\t\t\t\t\t\t\t\t\t\t\t\t\t<\/div>\n\t\t\t\t<\/div>\n\t\t\t\t\t<\/div>\n\t\t<\/div>\n\t\t\t\t\t\t\t<\/div>\n\t\t<\/section>\n\t\t\t\t<section class=\"elementor-section elementor-top-section elementor-element elementor-element-745ab161 elementor-section-boxed elementor-section-height-default elementor-section-height-default\" data-id=\"745ab161\" data-element_type=\"section\" data-settings=\"{&quot;background_background&quot;:&quot;classic&quot;}\">\n\t\t\t\t\t\t<div class=\"elementor-container elementor-column-gap-default\">\n\t\t\t\t\t<div class=\"elementor-column elementor-col-50 elementor-top-column elementor-element elementor-element-42cb0b2c\" data-id=\"42cb0b2c\" data-element_type=\"column\">\n\t\t\t<div class=\"elementor-widget-wrap elementor-element-populated\">\n\t\t\t\t\t\t\t\t<div class=\"elementor-element elementor-element-9ee61e0 elementor-widget elementor-widget-image\" data-id=\"9ee61e0\" data-element_type=\"widget\" data-widget_type=\"image.default\">\n\t\t\t\t<div class=\"elementor-widget-container\">\n\t\t\t\t\t\t\t\t\t\t\t\t\t\t\t<img loading=\"lazy\" decoding=\"async\" width=\"800\" height=\"532\" src=\"https:\/\/acure.com.br\/wp-content\/uploads\/2023\/06\/WhatsApp-Image-2023-06-15-at-11.15.31-1024x681.jpeg\" class=\"attachment-large size-large wp-image-389\" alt=\"\" srcset=\"https:\/\/acure.com.br\/wp-content\/uploads\/2023\/06\/WhatsApp-Image-2023-06-15-at-11.15.31-1024x681.jpeg 1024w, https:\/\/acure.com.br\/wp-content\/uploads\/2023\/06\/WhatsApp-Image-2023-06-15-at-11.15.31-300x200.jpeg 300w, https:\/\/acure.com.br\/wp-content\/uploads\/2023\/06\/WhatsApp-Image-2023-06-15-at-11.15.31-768x511.jpeg 768w, https:\/\/acure.com.br\/wp-content\/uploads\/2023\/06\/WhatsApp-Image-2023-06-15-at-11.15.31-1536x1021.jpeg 1536w, https:\/\/acure.com.br\/wp-content\/uploads\/2023\/06\/WhatsApp-Image-2023-06-15-at-11.15.31.jpeg 1600w\" sizes=\"auto, (max-width: 800px) 100vw, 800px\" \/>\t\t\t\t\t\t\t\t\t\t\t\t\t\t\t<\/div>\n\t\t\t\t<\/div>\n\t\t\t\t\t<\/div>\n\t\t<\/div>\n\t\t\t\t<div class=\"elementor-column elementor-col-50 elementor-top-column elementor-element elementor-element-75686b14\" data-id=\"75686b14\" data-element_type=\"column\">\n\t\t\t<div class=\"elementor-widget-wrap elementor-element-populated\">\n\t\t\t\t\t\t\t\t<div class=\"elementor-element elementor-element-72334d66 elementor-widget__width-auto elementor-absolute elementor-widget-tablet__width-initial elementor-widget-mobile__width-initial elementor-invisible elementor-widget elementor-widget-image\" data-id=\"72334d66\" data-element_type=\"widget\" data-settings=\"{&quot;_animation&quot;:&quot;rotateInDownLeft&quot;,&quot;_animation_delay&quot;:1000,&quot;_position&quot;:&quot;absolute&quot;}\" data-widget_type=\"image.default\">\n\t\t\t\t<div class=\"elementor-widget-container\">\n\t\t\t\t\t\t\t\t\t\t\t\t\t\t\t<img loading=\"lazy\" decoding=\"async\" width=\"190\" height=\"258\" src=\"https:\/\/acure.com.br\/wp-content\/uploads\/2023\/05\/shape-lines.png\" class=\"attachment-full size-full wp-image-45\" alt=\"\" \/>\t\t\t\t\t\t\t\t\t\t\t\t\t\t\t<\/div>\n\t\t\t\t<\/div>\n\t\t\t\t<section class=\"elementor-section elementor-inner-section elementor-element elementor-element-2450910e elementor-section-boxed elementor-section-height-default elementor-section-height-default\" data-id=\"2450910e\" data-element_type=\"section\">\n\t\t\t\t\t\t<div class=\"elementor-container elementor-column-gap-default\">\n\t\t\t\t\t<div class=\"elementor-column elementor-col-100 elementor-inner-column elementor-element elementor-element-4b720491\" data-id=\"4b720491\" data-element_type=\"column\">\n\t\t\t<div class=\"elementor-widget-wrap elementor-element-populated\">\n\t\t\t\t\t\t\t\t<div class=\"elementor-element elementor-element-79562692 elementor-invisible elementor-widget elementor-widget-heading\" data-id=\"79562692\" data-element_type=\"widget\" data-settings=\"{&quot;_animation&quot;:&quot;fadeInUp&quot;,&quot;_animation_delay&quot;:500}\" data-widget_type=\"heading.default\">\n\t\t\t\t<div class=\"elementor-widget-container\">\n\t\t\t<h2 class=\"elementor-heading-title elementor-size-default\">7 passos para se viver uma linda hist\u00f3ria de amor: <\/h2>\t\t<\/div>\n\t\t\t\t<\/div>\n\t\t\t\t<div class=\"elementor-element elementor-element-39fd127a elementor-invisible elementor-widget elementor-widget-text-editor\" data-id=\"39fd127a\" data-element_type=\"widget\" data-settings=\"{&quot;_animation&quot;:&quot;fadeInUp&quot;,&quot;_animation_delay&quot;:500}\" data-widget_type=\"text-editor.default\">\n\t\t\t\t<div class=\"elementor-widget-container\">\n\t\t\t\t\t\t\t<p>Workshop cuja metodologia oferece passos pr\u00e1ticos e assertivos para que o casal inicie uma nova e linda hist\u00f3ria de amor.<\/p>\t\t\t\t\t\t<\/div>\n\t\t\t\t<\/div>\n\t\t\t\t\t<\/div>\n\t\t<\/div>\n\t\t\t\t\t\t\t<\/div>\n\t\t<\/section>\n\t\t\t\t\t<\/div>\n\t\t<\/div>\n\t\t\t\t\t\t\t<\/div>\n\t\t<\/section>\n\t\t\t\t<section class=\"elementor-section elementor-top-section elementor-element elementor-element-a8274ad elementor-section-boxed elementor-section-height-default elementor-section-height-default\" data-id=\"a8274ad\" data-element_type=\"section\">\n\t\t\t\t\t\t<div class=\"elementor-container elementor-column-gap-default\">\n\t\t\t\t\t<div class=\"elementor-column elementor-col-50 elementor-top-column elementor-element elementor-element-7412473\" data-id=\"7412473\" data-element_type=\"column\">\n\t\t\t<div class=\"elementor-widget-wrap elementor-element-populated\">\n\t\t\t\t\t\t\t\t<div class=\"elementor-element elementor-element-7ed90d4 elementor-invisible elementor-widget elementor-widget-heading\" data-id=\"7ed90d4\" data-element_type=\"widget\" data-settings=\"{&quot;_animation&quot;:&quot;fadeInUp&quot;,&quot;_animation_delay&quot;:500}\" data-widget_type=\"heading.default\">\n\t\t\t\t<div class=\"elementor-widget-container\">\n\t\t\t<h2 class=\"elementor-heading-title elementor-size-default\">Teoria sobre a compreens\u00e3o da Estrutura Ps\u00edquica:<\/h2>\t\t<\/div>\n\t\t\t\t<\/div>\n\t\t\t\t<div class=\"elementor-element elementor-element-73599ef elementor-invisible elementor-widget elementor-widget-text-editor\" data-id=\"73599ef\" data-element_type=\"widget\" data-settings=\"{&quot;_animation&quot;:&quot;fadeInUp&quot;,&quot;_animation_delay&quot;:500}\" data-widget_type=\"text-editor.default\">\n\t\t\t\t<div class=\"elementor-widget-container\">\n\t\t\t\t\t\t\t<p>M\u00f3dulos em que a teoria desenvolvida por profissionais da Acure a respeito do funcionamento do psiquismo humano \u00e9 ensinada ofertando conhecimento e ferramentas pr\u00e1ticas para psic\u00f3logos e pessoas que buscam se autogerir com mais sa\u00fade emocional possam liderar o organismo humano.<\/p>\t\t\t\t\t\t<\/div>\n\t\t\t\t<\/div>\n\t\t\t\t\t<\/div>\n\t\t<\/div>\n\t\t\t\t<div class=\"elementor-column elementor-col-50 elementor-top-column elementor-element elementor-element-b78c037\" data-id=\"b78c037\" data-element_type=\"column\">\n\t\t\t<div class=\"elementor-widget-wrap elementor-element-populated\">\n\t\t\t\t\t\t\t\t<div class=\"elementor-element elementor-element-e305084 elementor-widget elementor-widget-image\" data-id=\"e305084\" data-element_type=\"widget\" data-widget_type=\"image.default\">\n\t\t\t\t<div class=\"elementor-widget-container\">\n\t\t\t\t\t\t\t\t\t\t\t\t\t\t\t<img loading=\"lazy\" decoding=\"async\" width=\"800\" height=\"533\" src=\"https:\/\/acure.com.br\/wp-content\/uploads\/2023\/06\/feche-o-grupo-de-pessoas-embacadas-na-terapia_Easy-Resize.com_-1024x682.jpg\" class=\"attachment-large size-large wp-image-207\" alt=\"\" srcset=\"https:\/\/acure.com.br\/wp-content\/uploads\/2023\/06\/feche-o-grupo-de-pessoas-embacadas-na-terapia_Easy-Resize.com_-1024x682.jpg 1024w, https:\/\/acure.com.br\/wp-content\/uploads\/2023\/06\/feche-o-grupo-de-pessoas-embacadas-na-terapia_Easy-Resize.com_-300x200.jpg 300w, https:\/\/acure.com.br\/wp-content\/uploads\/2023\/06\/feche-o-grupo-de-pessoas-embacadas-na-terapia_Easy-Resize.com_-768x511.jpg 768w, https:\/\/acure.com.br\/wp-content\/uploads\/2023\/06\/feche-o-grupo-de-pessoas-embacadas-na-terapia_Easy-Resize.com_.jpg 1280w\" sizes=\"auto, (max-width: 800px) 100vw, 800px\" \/>\t\t\t\t\t\t\t\t\t\t\t\t\t\t\t<\/div>\n\t\t\t\t<\/div>\n\t\t\t\t\t<\/div>\n\t\t<\/div>\n\t\t\t\t\t\t\t<\/div>\n\t\t<\/section>\n\t\t\t\t\t\t\t<\/div>\n\t\t","protected":false},"excerpt":{"rendered":"<p>Cursos PAP \u2013 Planejamento e Aperfei\u00e7oamento da Parentalidade: Promover conhecimento e ofertar ferramentas para a viv\u00eancia da fun\u00e7\u00e3o materna e paterna. Curso que auxilia todo pai e m\u00e3e a escreverem uma hist\u00f3ria de amor e promo\u00e7\u00e3o de sa\u00fade junto ao seu filho. Esse curso j\u00e1 foi ministrado para mais de 100 fam\u00edlias em v\u00e1rios cidades [&hellip;]<\/p>\n","protected":false},"author":1,"featured_media":0,"parent":0,"menu_order":0,"comment_status":"closed","ping_status":"closed","template":"","meta":{"_joinchat":[],"footnotes":""},"class_list":["post-259","page","type-page","status-publish","hentry"],"_links":{"self":[{"href":"https:\/\/acure.com.br\/index.php\/wp-json\/wp\/v2\/pages\/259","targetHints":{"allow":["GET"]}}],"collection":[{"href":"https:\/\/acure.com.br\/index.php\/wp-json\/wp\/v2\/pages"}],"about":[{"href":"https:\/\/acure.com.br\/index.php\/wp-json\/wp\/v2\/types\/page"}],"author":[{"embeddable":true,"href":"https:\/\/acure.com.br\/index.php\/wp-json\/wp\/v2\/users\/1"}],"replies":[{"embeddable":true,"href":"https:\/\/acure.com.br\/index.php\/wp-json\/wp\/v2\/comments?post=259"}],"version-history":[{"count":13,"href":"https:\/\/acure.com.br\/index.php\/wp-json\/wp\/v2\/pages\/259\/revisions"}],"predecessor-version":[{"id":393,"href":"https:\/\/acure.com.br\/index.php\/wp-json\/wp\/v2\/pages\/259\/revisions\/393"}],"wp:attachment":[{"href":"https:\/\/acure.com.br\/index.php\/wp-json\/wp\/v2\/media?parent=259"}],"curies":[{"name":"wp","href":"https:\/\/api.w.org\/{rel}","templated":true}]}}