{"id":127,"date":"2023-06-09T12:58:06","date_gmt":"2023-06-09T12:58:06","guid":{"rendered":"https:\/\/acure.com.br\/?page_id=127"},"modified":"2023-06-20T15:31:19","modified_gmt":"2023-06-20T15:31:19","slug":"sobre-nos","status":"publish","type":"page","link":"https:\/\/acure.com.br\/index.php\/sobre-nos\/","title":{"rendered":"Sobre N\u00f3s"},"content":{"rendered":"\t\t<div data-elementor-type=\"wp-page\" data-elementor-id=\"127\" class=\"elementor elementor-127\">\n\t\t\t\t\t\t\t\t\t<section class=\"elementor-section elementor-top-section elementor-element elementor-element-16b1fcbc elementor-section-full_width elementor-section-height-default elementor-section-height-default\" data-id=\"16b1fcbc\" data-element_type=\"section\" data-settings=\"{&quot;background_background&quot;:&quot;classic&quot;}\">\n\t\t\t\t\t\t\t<div class=\"elementor-background-overlay\"><\/div>\n\t\t\t\t\t\t\t<div class=\"elementor-container elementor-column-gap-default\">\n\t\t\t\t\t<div class=\"elementor-column elementor-col-100 elementor-top-column elementor-element elementor-element-33ffc8e4\" data-id=\"33ffc8e4\" data-element_type=\"column\">\n\t\t\t<div class=\"elementor-widget-wrap elementor-element-populated\">\n\t\t\t\t\t\t\t\t<div class=\"elementor-element elementor-element-21253430 elementor-widget elementor-widget-heading\" data-id=\"21253430\" data-element_type=\"widget\" data-widget_type=\"heading.default\">\n\t\t\t\t<div class=\"elementor-widget-container\">\n\t\t\t<style>\/*! elementor - v3.14.0 - 18-06-2023 *\/\n.elementor-heading-title{padding:0;margin:0;line-height:1}.elementor-widget-heading .elementor-heading-title[class*=elementor-size-]>a{color:inherit;font-size:inherit;line-height:inherit}.elementor-widget-heading .elementor-heading-title.elementor-size-small{font-size:15px}.elementor-widget-heading .elementor-heading-title.elementor-size-medium{font-size:19px}.elementor-widget-heading .elementor-heading-title.elementor-size-large{font-size:29px}.elementor-widget-heading .elementor-heading-title.elementor-size-xl{font-size:39px}.elementor-widget-heading .elementor-heading-title.elementor-size-xxl{font-size:59px}<\/style><h1 class=\"elementor-heading-title elementor-size-default\">Sobre N\u00f3s<\/h1>\t\t<\/div>\n\t\t\t\t<\/div>\n\t\t\t\t\t<\/div>\n\t\t<\/div>\n\t\t\t\t\t\t\t<\/div>\n\t\t<\/section>\n\t\t\t\t<section class=\"elementor-section elementor-top-section elementor-element elementor-element-71a28ea3 elementor-section-content-middle elementor-section-boxed elementor-section-height-default elementor-section-height-default\" data-id=\"71a28ea3\" data-element_type=\"section\" data-settings=\"{&quot;background_background&quot;:&quot;classic&quot;}\">\n\t\t\t\t\t\t<div class=\"elementor-container elementor-column-gap-no\">\n\t\t\t\t\t<div class=\"elementor-column elementor-col-50 elementor-top-column elementor-element elementor-element-170cbdc8\" data-id=\"170cbdc8\" data-element_type=\"column\" data-settings=\"{&quot;background_background&quot;:&quot;classic&quot;}\">\n\t\t\t<div class=\"elementor-widget-wrap elementor-element-populated\">\n\t\t\t\t\t\t\t\t<div class=\"elementor-element elementor-element-5a407cb elementor-invisible elementor-widget elementor-widget-heading\" data-id=\"5a407cb\" data-element_type=\"widget\" data-settings=\"{&quot;_animation&quot;:&quot;fadeInUp&quot;,&quot;_animation_delay&quot;:500}\" data-widget_type=\"heading.default\">\n\t\t\t\t<div class=\"elementor-widget-container\">\n\t\t\t<h2 class=\"elementor-heading-title elementor-size-default\">A Acure<\/h2>\t\t<\/div>\n\t\t\t\t<\/div>\n\t\t\t\t<div class=\"elementor-element elementor-element-72f2c2f elementor-invisible elementor-widget elementor-widget-text-editor\" data-id=\"72f2c2f\" data-element_type=\"widget\" data-settings=\"{&quot;_animation&quot;:&quot;fadeInUp&quot;,&quot;_animation_delay&quot;:600}\" data-widget_type=\"text-editor.default\">\n\t\t\t\t<div class=\"elementor-widget-container\">\n\t\t\t<style>\/*! elementor - v3.14.0 - 18-06-2023 *\/\n.elementor-widget-text-editor.elementor-drop-cap-view-stacked .elementor-drop-cap{background-color:#69727d;color:#fff}.elementor-widget-text-editor.elementor-drop-cap-view-framed .elementor-drop-cap{color:#69727d;border:3px solid;background-color:transparent}.elementor-widget-text-editor:not(.elementor-drop-cap-view-default) .elementor-drop-cap{margin-top:8px}.elementor-widget-text-editor:not(.elementor-drop-cap-view-default) .elementor-drop-cap-letter{width:1em;height:1em}.elementor-widget-text-editor .elementor-drop-cap{float:left;text-align:center;line-height:1;font-size:50px}.elementor-widget-text-editor .elementor-drop-cap-letter{display:inline-block}<\/style>\t\t\t\t<p>Nossa empresa nasceu do desejo de cuidar das pessoas. De acreditar que todas as pessoas tem condi\u00e7\u00f5es de escrever uma hist\u00f3ria de sa\u00fade e bem estar.<\/p><p>Na Acure temos profissionais habilitados em diversas especialidades e assim contemplamos todas as faixas et\u00e1rias, assim como trabalhos na \u00e1rea cl\u00ednica e organizacional.<\/p><p>A Acure come\u00e7a sua jornada na trajet\u00f3ria de sua fundadora em 2003, embora se concretize como pessoa jur\u00eddica 10 anos depois. Foi uma jornada atendendo mulheres, homens, crian\u00e7as, casais, idosos, que a fez buscar mais e mais t\u00e9cnicas, que promovessem cura, desenvolvimento e alta performance.<\/p><p>\u00a0<\/p>\t\t\t\t\t\t<\/div>\n\t\t\t\t<\/div>\n\t\t\t\t<div class=\"elementor-element elementor-element-2d0cf3eb elementor-widget elementor-widget-spacer\" data-id=\"2d0cf3eb\" data-element_type=\"widget\" data-widget_type=\"spacer.default\">\n\t\t\t\t<div class=\"elementor-widget-container\">\n\t\t\t<style>\/*! elementor - v3.14.0 - 18-06-2023 *\/\n.elementor-column .elementor-spacer-inner{height:var(--spacer-size)}.e-con{--container-widget-width:100%}.e-con-inner>.elementor-widget-spacer,.e-con>.elementor-widget-spacer{width:var(--container-widget-width,var(--spacer-size));--align-self:var(--container-widget-align-self,initial);--flex-shrink:0}.e-con-inner>.elementor-widget-spacer>.elementor-widget-container,.e-con-inner>.elementor-widget-spacer>.elementor-widget-container>.elementor-spacer,.e-con>.elementor-widget-spacer>.elementor-widget-container,.e-con>.elementor-widget-spacer>.elementor-widget-container>.elementor-spacer{height:100%}.e-con-inner>.elementor-widget-spacer>.elementor-widget-container>.elementor-spacer>.elementor-spacer-inner,.e-con>.elementor-widget-spacer>.elementor-widget-container>.elementor-spacer>.elementor-spacer-inner{height:var(--container-widget-height,var(--spacer-size))}<\/style>\t\t<div class=\"elementor-spacer\">\n\t\t\t<div class=\"elementor-spacer-inner\"><\/div>\n\t\t<\/div>\n\t\t\t\t<\/div>\n\t\t\t\t<\/div>\n\t\t\t\t\t<\/div>\n\t\t<\/div>\n\t\t\t\t<div class=\"elementor-column elementor-col-50 elementor-top-column elementor-element elementor-element-79beb7be\" data-id=\"79beb7be\" data-element_type=\"column\" data-settings=\"{&quot;background_background&quot;:&quot;classic&quot;}\">\n\t\t\t<div class=\"elementor-widget-wrap elementor-element-populated\">\n\t\t\t\t\t\t\t\t<div class=\"elementor-element elementor-element-7248295 elementor-invisible elementor-widget elementor-widget-text-editor\" data-id=\"7248295\" data-element_type=\"widget\" data-settings=\"{&quot;_animation&quot;:&quot;fadeInUp&quot;,&quot;_animation_delay&quot;:600}\" data-widget_type=\"text-editor.default\">\n\t\t\t\t<div class=\"elementor-widget-container\">\n\t\t\t\t\t\t\t<p>O nome Acure veio como resposta de Deus a busca por um nome que fosse do Seu cora\u00e7\u00e3o. Sua fundadora nessa busca pensou na palavra Acure, sem nunca t\u00ea-la escutado antes, ao pesquisar a palavra constatou que significava: \u201c<em>tratar com cuidado de, aperfei\u00e7oar-se\u201d<\/em>. O nome Acure j\u00e1 referendava o que seria a nossa miss\u00e3o: cuidar e aperfei\u00e7oar a todos que ali procurassem por ajuda!<\/p><p>Em seguida veio a marca que foi idealizada como um farol no oceano, mais uma vez referendando nossa miss\u00e3o: PORTO SEGURO a todos que ali aportarem!<\/p><p>Nossa jornada sempre nos proporcionou desafios e grandes realiza\u00e7\u00f5es, e contamos com voc\u00ea para juntos vivenciarmos mais e mais desafios com desfechos de grandes \u00a0conquistas, cura, empoderamento e felicidade!<\/p><p><strong>Rebeca G. M. Cardoso<\/strong><br \/>Fundadora da Acure<\/p>\t\t\t\t\t\t<\/div>\n\t\t\t\t<\/div>\n\t\t\t\t\t<\/div>\n\t\t<\/div>\n\t\t\t\t\t\t\t<\/div>\n\t\t<\/section>\n\t\t\t\t<section class=\"elementor-section elementor-top-section elementor-element elementor-element-bcd97ef elementor-section-boxed elementor-section-height-default elementor-section-height-default\" data-id=\"bcd97ef\" data-element_type=\"section\">\n\t\t\t\t\t\t<div class=\"elementor-container elementor-column-gap-default\">\n\t\t\t\t\t<div class=\"elementor-column elementor-col-100 elementor-top-column elementor-element elementor-element-c287c2c\" data-id=\"c287c2c\" data-element_type=\"column\" data-settings=\"{&quot;background_background&quot;:&quot;classic&quot;}\">\n\t\t\t<div class=\"elementor-widget-wrap elementor-element-populated\">\n\t\t\t\t\t\t\t\t<section class=\"elementor-section elementor-inner-section elementor-element elementor-element-b0f0cb9 elementor-section-boxed elementor-section-height-default elementor-section-height-default\" data-id=\"b0f0cb9\" data-element_type=\"section\">\n\t\t\t\t\t\t<div class=\"elementor-container elementor-column-gap-default\">\n\t\t\t\t\t<div class=\"elementor-column elementor-col-33 elementor-inner-column elementor-element elementor-element-8216a3e\" data-id=\"8216a3e\" data-element_type=\"column\">\n\t\t\t<div class=\"elementor-widget-wrap elementor-element-populated\">\n\t\t\t\t\t\t\t\t<div class=\"elementor-element elementor-element-d506b5c ekit-equal-height-disable elementor-invisible elementor-widget elementor-widget-elementskit-icon-box\" data-id=\"d506b5c\" data-element_type=\"widget\" data-settings=\"{&quot;_animation&quot;:&quot;fadeInLeft&quot;}\" data-widget_type=\"elementskit-icon-box.default\">\n\t\t\t\t<div class=\"elementor-widget-container\">\n\t\t\t<div class=\"ekit-wid-con\" >        <!-- link opening -->\n                <!-- end link opening -->\n\n        <div class=\"elementskit-infobox text-center text- icon-top-align elementor-animation-   \">\n                            <div class=\"elementskit-box-header\">\n                <div class=\"elementskit-info-box-icon \">\n                    <img loading=\"lazy\" decoding=\"async\" width=\"91\" height=\"78\" src=\"https:\/\/acure.com.br\/wp-content\/uploads\/2023\/05\/elements-psychology-concept-line-design-style-icons-set-RUUMCJY.png\" class=\"attachment- size-\" alt=\"\" \/>                <\/div>\n          <\/div>\n                <div class=\"box-body\">\n                            <h3 class=\"elementskit-info-box-title\">\n                    Miss\u00e3o                <\/h3>\n                        \t\t  <p>Promover o cuidado e aperfei\u00e7oamento de nossos clientes, seja ele pessoa ou empresa.<\/p>\n                                        <div class=\"box-footer disable_hover_button\">\n                    <div class=\"btn-wraper\">\n                                                            <a href=\"#\" target=\"_self\" rel=\"\" class=\"elementskit-btn whitespace--normal elementor-animation-\">\n                                        <i aria-hidden=\"true\" class=\"icon icon-arrow-right\"><\/i>                                                                            <\/a>\n                                                        <\/div>\n                <\/div>\n                    <\/div>\n        \n        \n                <\/div>\n        <\/div>\t\t<\/div>\n\t\t\t\t<\/div>\n\t\t\t\t\t<\/div>\n\t\t<\/div>\n\t\t\t\t<div class=\"elementor-column elementor-col-33 elementor-inner-column elementor-element elementor-element-284b18f\" data-id=\"284b18f\" data-element_type=\"column\">\n\t\t\t<div class=\"elementor-widget-wrap elementor-element-populated\">\n\t\t\t\t\t\t\t\t<div class=\"elementor-element elementor-element-cb7df66 ekit-equal-height-disable elementor-invisible elementor-widget elementor-widget-elementskit-icon-box\" data-id=\"cb7df66\" data-element_type=\"widget\" data-settings=\"{&quot;_animation&quot;:&quot;fadeInUp&quot;}\" data-widget_type=\"elementskit-icon-box.default\">\n\t\t\t\t<div class=\"elementor-widget-container\">\n\t\t\t<div class=\"ekit-wid-con\" >        <!-- link opening -->\n                <a href=\"#\" target=\"_self\" rel=\"\" class=\"ekit_global_links\">\n                <!-- end link opening -->\n\n        <div class=\"elementskit-infobox text-center text- icon-top-align elementor-animation-   \">\n                            <div class=\"elementskit-box-header\">\n                <div class=\"elementskit-info-box-icon \">\n                    <img loading=\"lazy\" decoding=\"async\" width=\"90\" height=\"80\" src=\"https:\/\/acure.com.br\/wp-content\/uploads\/2023\/05\/elements-psychology-concept-line-design-style-icons-set-RUUMCJY-2.png\" class=\"attachment- size-\" alt=\"\" \/>                <\/div>\n          <\/div>\n                <div class=\"box-body\">\n                            <h3 class=\"elementskit-info-box-title\">\n                    Vis\u00e3o                <\/h3>\n                        \t\t  <p>Ser um referencial de tratamento integral de sa\u00fade e promo\u00e7\u00e3o de qualidade de vida, crescimento pessoal, social e profissional.<\/p>\n                                <\/div>\n        \n        \n                <\/div>\n                <\/a>\n        <\/div>\t\t<\/div>\n\t\t\t\t<\/div>\n\t\t\t\t<div class=\"elementor-element elementor-element-3e0c6fb elementor-widget__width-auto ekit-equal-height-disable elementor-invisible elementor-widget elementor-widget-elementskit-icon-box\" data-id=\"3e0c6fb\" data-element_type=\"widget\" data-settings=\"{&quot;_animation&quot;:&quot;fadeInUp&quot;,&quot;_animation_delay&quot;:300}\" data-widget_type=\"elementskit-icon-box.default\">\n\t\t\t\t<div class=\"elementor-widget-container\">\n\t\t\t<div class=\"ekit-wid-con\" >        <!-- link opening -->\n                <a href=\"#\" target=\"_self\" rel=\"\" class=\"ekit_global_links\">\n                <!-- end link opening -->\n\n        <div class=\"elementskit-infobox text-center text- icon-top-align elementor-animation-   \">\n                    <div class=\"elementskit-box-header elementor-animation-\">\n                <div class=\"elementskit-info-box-icon  \">\n                    <i aria-hidden=\"true\" class=\"elementkit-infobox-icon icon icon-arrow-right\"><\/i>\n                <\/div>\n          <\/div>\n                        <div class=\"box-body\">\n                                            <\/div>\n        \n        \n                <\/div>\n                <\/a>\n        <\/div>\t\t<\/div>\n\t\t\t\t<\/div>\n\t\t\t\t\t<\/div>\n\t\t<\/div>\n\t\t\t\t<div class=\"elementor-column elementor-col-33 elementor-inner-column elementor-element elementor-element-2aeae3b\" data-id=\"2aeae3b\" data-element_type=\"column\">\n\t\t\t<div class=\"elementor-widget-wrap elementor-element-populated\">\n\t\t\t\t\t\t\t\t<div class=\"elementor-element elementor-element-a9b5357 ekit-equal-height-disable elementor-invisible elementor-widget elementor-widget-elementskit-icon-box\" data-id=\"a9b5357\" data-element_type=\"widget\" data-settings=\"{&quot;_animation&quot;:&quot;fadeInRight&quot;}\" data-widget_type=\"elementskit-icon-box.default\">\n\t\t\t\t<div class=\"elementor-widget-container\">\n\t\t\t<div class=\"ekit-wid-con\" >        <!-- link opening -->\n                <!-- end link opening -->\n\n        <div class=\"elementskit-infobox text-center text- icon-top-align elementor-animation-   \">\n                            <div class=\"elementskit-box-header\">\n                <div class=\"elementskit-info-box-icon \">\n                    <img loading=\"lazy\" decoding=\"async\" width=\"91\" height=\"80\" src=\"https:\/\/acure.com.br\/wp-content\/uploads\/2023\/05\/elements-psychology-concept-line-design-style-icons-set-ZF5PGA4.png\" class=\"attachment- size-\" alt=\"\" \/>                <\/div>\n          <\/div>\n                <div class=\"box-body\">\n                            <h3 class=\"elementskit-info-box-title\">\n                    Valores                <\/h3>\n                        \t\t  <p>Conhecimento\n\u00c9tica\nEmpatia\nConfian\u00e7a\n<\/p>\n                                        <div class=\"box-footer disable_hover_button\">\n                    <div class=\"btn-wraper\">\n                                                            <a href=\"#\" target=\"_self\" rel=\"\" class=\"elementskit-btn whitespace--normal elementor-animation-\">\n                                        <i aria-hidden=\"true\" class=\"icon icon-arrow-right\"><\/i>                                                                            <\/a>\n                                                        <\/div>\n                <\/div>\n                    <\/div>\n        \n        \n                <\/div>\n        <\/div>\t\t<\/div>\n\t\t\t\t<\/div>\n\t\t\t\t\t<\/div>\n\t\t<\/div>\n\t\t\t\t\t\t\t<\/div>\n\t\t<\/section>\n\t\t\t\t\t<\/div>\n\t\t<\/div>\n\t\t\t\t\t\t\t<\/div>\n\t\t<\/section>\n\t\t\t\t<section class=\"elementor-section elementor-top-section elementor-element elementor-element-cb99130 elementor-hidden-desktop elementor-hidden-tablet elementor-hidden-mobile elementor-section-boxed elementor-section-height-default elementor-section-height-default\" data-id=\"cb99130\" data-element_type=\"section\">\n\t\t\t\t\t\t<div class=\"elementor-container elementor-column-gap-default\">\n\t\t\t\t\t<div class=\"elementor-column elementor-col-100 elementor-top-column elementor-element elementor-element-e9205ed\" data-id=\"e9205ed\" data-element_type=\"column\">\n\t\t\t<div class=\"elementor-widget-wrap elementor-element-populated\">\n\t\t\t\t\t\t\t\t<section class=\"elementor-section elementor-inner-section elementor-element elementor-element-1cab4ea elementor-section-full_width elementor-section-height-default elementor-section-height-default\" data-id=\"1cab4ea\" data-element_type=\"section\" data-settings=\"{&quot;background_background&quot;:&quot;classic&quot;}\">\n\t\t\t\t\t\t<div class=\"elementor-container elementor-column-gap-no\">\n\t\t\t\t\t<div class=\"elementor-column elementor-col-100 elementor-inner-column elementor-element elementor-element-6387bec\" data-id=\"6387bec\" data-element_type=\"column\">\n\t\t\t<div class=\"elementor-widget-wrap elementor-element-populated\">\n\t\t\t\t\t\t\t\t<div class=\"elementor-element elementor-element-6fd3bc2 elementor-widget elementor-widget-video\" data-id=\"6fd3bc2\" data-element_type=\"widget\" data-settings=\"{&quot;youtube_url&quot;:&quot;https:\\\/\\\/www.youtube.com\\\/watch?v=XHOmBV4js_E&quot;,&quot;video_type&quot;:&quot;youtube&quot;,&quot;controls&quot;:&quot;yes&quot;}\" data-widget_type=\"video.default\">\n\t\t\t\t<div class=\"elementor-widget-container\">\n\t\t\t<style>\/*! elementor - v3.14.0 - 18-06-2023 *\/\n.elementor-widget-video .elementor-widget-container{overflow:hidden;transform:translateZ(0)}.elementor-widget-video .elementor-wrapper{aspect-ratio:var(--video-aspect-ratio)}.elementor-widget-video .elementor-wrapper iframe,.elementor-widget-video .elementor-wrapper video{height:100%;width:100%;display:flex;border:none;background-color:#000}@supports not (aspect-ratio:1\/1){.elementor-widget-video .elementor-wrapper{position:relative;overflow:hidden;height:0;padding-bottom:calc(100% \/ var(--video-aspect-ratio))}.elementor-widget-video .elementor-wrapper iframe,.elementor-widget-video .elementor-wrapper video{position:absolute;top:0;right:0;bottom:0;left:0}}.elementor-widget-video .elementor-open-inline .elementor-custom-embed-image-overlay{position:absolute;top:0;left:0;width:100%;height:100%;background-size:cover;background-position:50%}.elementor-widget-video .elementor-custom-embed-image-overlay{cursor:pointer;text-align:center}.elementor-widget-video .elementor-custom-embed-image-overlay:hover .elementor-custom-embed-play i{opacity:1}.elementor-widget-video .elementor-custom-embed-image-overlay img{display:block;width:100%}.elementor-widget-video .e-hosted-video .elementor-video{-o-object-fit:cover;object-fit:cover}.e-con-inner>.elementor-widget-video,.e-con>.elementor-widget-video{width:var(--container-widget-width);--flex-grow:var(--container-widget-flex-grow)}<\/style>\t\t<div class=\"elementor-wrapper elementor-open-inline\">\n\t\t\t<div class=\"elementor-video\"><\/div>\t\t<\/div>\n\t\t\t\t<\/div>\n\t\t\t\t<\/div>\n\t\t\t\t\t<\/div>\n\t\t<\/div>\n\t\t\t\t\t\t\t<\/div>\n\t\t<\/section>\n\t\t\t\t\t<\/div>\n\t\t<\/div>\n\t\t\t\t\t\t\t<\/div>\n\t\t<\/section>\n\t\t\t\t\t\t\t<\/div>\n\t\t","protected":false},"excerpt":{"rendered":"<p>Sobre N\u00f3s A Acure Nossa empresa nasceu do desejo de cuidar das pessoas. De acreditar que todas as pessoas tem condi\u00e7\u00f5es de escrever uma hist\u00f3ria de sa\u00fade e bem estar. Na Acure temos profissionais habilitados em diversas especialidades e assim contemplamos todas as faixas et\u00e1rias, assim como trabalhos na \u00e1rea cl\u00ednica e organizacional. A Acure [&hellip;]<\/p>\n","protected":false},"author":1,"featured_media":0,"parent":0,"menu_order":0,"comment_status":"closed","ping_status":"closed","template":"","meta":{"_joinchat":[],"footnotes":""},"class_list":["post-127","page","type-page","status-publish","hentry"],"_links":{"self":[{"href":"https:\/\/acure.com.br\/index.php\/wp-json\/wp\/v2\/pages\/127","targetHints":{"allow":["GET"]}}],"collection":[{"href":"https:\/\/acure.com.br\/index.php\/wp-json\/wp\/v2\/pages"}],"about":[{"href":"https:\/\/acure.com.br\/index.php\/wp-json\/wp\/v2\/types\/page"}],"author":[{"embeddable":true,"href":"https:\/\/acure.com.br\/index.php\/wp-json\/wp\/v2\/users\/1"}],"replies":[{"embeddable":true,"href":"https:\/\/acure.com.br\/index.php\/wp-json\/wp\/v2\/comments?post=127"}],"version-history":[{"count":19,"href":"https:\/\/acure.com.br\/index.php\/wp-json\/wp\/v2\/pages\/127\/revisions"}],"predecessor-version":[{"id":491,"href":"https:\/\/acure.com.br\/index.php\/wp-json\/wp\/v2\/pages\/127\/revisions\/491"}],"wp:attachment":[{"href":"https:\/\/acure.com.br\/index.php\/wp-json\/wp\/v2\/media?parent=127"}],"curies":[{"name":"wp","href":"https:\/\/api.w.org\/{rel}","templated":true}]}}